{"id":21,"date":"2022-07-17T20:51:49","date_gmt":"2022-07-17T18:51:49","guid":{"rendered":"https:\/\/lovely-message.com\/?page_id=21"},"modified":"2023-02-17T22:17:39","modified_gmt":"2023-02-17T20:17:39","slug":"startseite","status":"publish","type":"page","link":"https:\/\/lovely-message.com\/","title":{"rendered":""},"content":{"rendered":"\n<p class=\"has-text-align-center\">Ihr plant ein Event und seid auf der Suche nach einem G\u00e4stebuch der besonderen Art? Dank lovely message, unserem nostalgischen Audio-G\u00e4stebuch, k\u00f6nnen eure G\u00e4ste besondere Botschaften hinterlassen, die euch noch lange mit auf eine Zeitreise zu eurer besonderen Feier nehmen.<\/p>\n\n\n\n<div style=\"height:55px\" aria-hidden=\"true\" class=\"wp-block-spacer\"><\/div>\n\n\n\n<div class=\"wp-block-columns is-layout-flex wp-container-4\">\n<div class=\"wp-block-column is-vertically-aligned-center is-layout-flow\">\n<h2 class=\"wp-block-heading\">\u00dcber uns<\/h2>\n\n\n\n<p>Wer steckt eigentlich hinter lovely message? Nein, es sind nicht die drei Fragezeichen. Aber aller guten Dinge sind bekanntlich drei. D\u00fcrfen wir vorstellen: Wir sind Jordan, Jacqueline &amp; Johannes.<\/p>\n\n\n\n<div class=\"wp-block-buttons is-horizontal is-content-justification-left is-layout-flex wp-container-1\">\n<div class=\"wp-block-button has-custom-width wp-block-button__width-75 is-style-outline\"><a class=\"wp-block-button__link has-white-background-color has-background\" href=\"#\">Mehr erfahren &gt;<\/a><\/div>\n<\/div>\n\n\n\n<p><\/p>\n<\/div>\n\n\n\n<div class=\"wp-block-column is-layout-flow\">\n<div style=\"height:48px\" aria-hidden=\"true\" class=\"wp-block-spacer\"><\/div>\n\n\n\n<figure class=\"wp-block-image size-large\"><img decoding=\"async\" loading=\"lazy\" width=\"1024\" height=\"537\" src=\"https:\/\/lovely-message.com\/wp-content\/uploads\/2023\/02\/Bildschirm\u00adfoto-2023-02-17-um-21.09.05-1024x537.png\" alt=\"\" class=\"wp-image-155\" srcset=\"https:\/\/lovely-message.com\/wp-content\/uploads\/2023\/02\/Bildschirm\u00adfoto-2023-02-17-um-21.09.05-1024x537.png 1024w, https:\/\/lovely-message.com\/wp-content\/uploads\/2023\/02\/Bildschirm\u00adfoto-2023-02-17-um-21.09.05-300x157.png 300w, https:\/\/lovely-message.com\/wp-content\/uploads\/2023\/02\/Bildschirm\u00adfoto-2023-02-17-um-21.09.05-768x403.png 768w, https:\/\/lovely-message.com\/wp-content\/uploads\/2023\/02\/Bildschirm\u00adfoto-2023-02-17-um-21.09.05-1536x806.png 1536w, https:\/\/lovely-message.com\/wp-content\/uploads\/2023\/02\/Bildschirm\u00adfoto-2023-02-17-um-21.09.05-2048x1074.png 2048w, https:\/\/lovely-message.com\/wp-content\/uploads\/2023\/02\/Bildschirm\u00adfoto-2023-02-17-um-21.09.05-2000x1049.png 2000w\" sizes=\"(max-width: 1024px) 100vw, 1024px\" \/><\/figure>\n<\/div>\n<\/div>\n\n\n\n<div class=\"wp-block-group alignfull is-layout-flow\"><div class=\"wp-block-group__inner-container\">\n<div class=\"wp-block-columns are-vertically-aligned-center is-layout-flex wp-container-8\">\n<div class=\"wp-block-column is-vertically-aligned-center is-layout-flow\">\n<div style=\"height:48px\" aria-hidden=\"true\" class=\"wp-block-spacer\"><\/div>\n\n\n\n<figure class=\"wp-block-image size-large\"><img decoding=\"async\" loading=\"lazy\" width=\"1024\" height=\"768\" src=\"https:\/\/lovely-message.com\/wp-content\/uploads\/2022\/07\/PHOTO-2022-07-17-21-16-43-1024x768.jpg\" alt=\"\" class=\"wp-image-74\" srcset=\"https:\/\/lovely-message.com\/wp-content\/uploads\/2022\/07\/PHOTO-2022-07-17-21-16-43-1024x768.jpg 1024w, https:\/\/lovely-message.com\/wp-content\/uploads\/2022\/07\/PHOTO-2022-07-17-21-16-43-300x225.jpg 300w, https:\/\/lovely-message.com\/wp-content\/uploads\/2022\/07\/PHOTO-2022-07-17-21-16-43-768x576.jpg 768w, https:\/\/lovely-message.com\/wp-content\/uploads\/2022\/07\/PHOTO-2022-07-17-21-16-43-1536x1152.jpg 1536w, https:\/\/lovely-message.com\/wp-content\/uploads\/2022\/07\/PHOTO-2022-07-17-21-16-43.jpg 1600w\" sizes=\"(max-width: 1024px) 100vw, 1024px\" \/><\/figure>\n<\/div>\n\n\n\n<div class=\"wp-block-column is-vertically-aligned-center is-layout-flow\">\n<h2 class=\"wp-block-heading\">Eure Anfrage<\/h2>\n\n\n\n<p>Schickt uns gerne eine Nachricht mit Eurem Wunschdatum, an welchem Ihr unser lovely phone mieten m\u00f6chtet. Wir pr\u00fcfen Eure Anfrage schnellstm\u00f6glich.<\/p>\n\n\n\n<div class=\"wp-block-buttons is-layout-flex\">\n<div class=\"wp-block-button is-style-fill\"><a class=\"wp-block-button__link\" href=\"#\">anfragen &gt;<\/a><\/div>\n<\/div>\n<\/div>\n<\/div>\n<\/div><\/div>\n\n\n\n<div class=\"wp-block-cover alignfull is-light has-parallax is-position-center-center\" style=\"background-image:url(http:\/\/lovely-message.com\/wp-content\/uploads\/2022\/07\/man-using-mobile-smartphone-scaled.jpg);min-height:375px\"><span aria-hidden=\"true\" class=\"wp-block-cover__background has-black-background-color has-background-dim-40 has-background-dim\"><\/span><div class=\"wp-block-cover__inner-container\">\n<p class=\"has-text-align-center has-text-color has-huge-font-size\" style=\"color:#fffffa;line-height:1.1\">lovely message, creating unique memories.<\/p>\n\n\n\n<p><\/p>\n\n\n\n<div class=\"wp-block-buttons is-horizontal is-content-justification-center is-layout-flex wp-container-10\">\n<div class=\"wp-block-button is-style-outline\"><a class=\"wp-block-button__link has-white-color has-text-color\" href=\"#\">Kontaktiert uns<\/a><\/div>\n<\/div>\n<\/div><\/div>\n","protected":false},"excerpt":{"rendered":"<p>Ihr plant ein Event und seid auf der Suche nach einem G\u00e4stebuch der besonderen Art? Dank lovely message, unserem nostalgischen Audio-G\u00e4stebuch, k\u00f6nnen eure G\u00e4ste besondere Botschaften hinterlassen, die euch noch lange mit auf eine Zeitreise zu eurer besonderen Feier nehmen. \u00dcber uns Wer steckt eigentlich hinter lovely message? Nein, es sind nicht die drei Fragezeichen. &hellip; <\/p>\n<p class=\"link-more\"><a href=\"https:\/\/lovely-message.com\/\" class=\"more-link\">Mehr <span class=\"screen-reader-text\">\u00fcber &#8222;&#8220; <\/span>Lesen<\/a><\/p>\n","protected":false},"author":1,"featured_media":20,"parent":0,"menu_order":1,"comment_status":"closed","ping_status":"closed","template":"","meta":{"_mi_skip_tracking":false},"aioseo_notices":[],"_links":{"self":[{"href":"https:\/\/lovely-message.com\/index.php?rest_route=\/wp\/v2\/pages\/21"}],"collection":[{"href":"https:\/\/lovely-message.com\/index.php?rest_route=\/wp\/v2\/pages"}],"about":[{"href":"https:\/\/lovely-message.com\/index.php?rest_route=\/wp\/v2\/types\/page"}],"author":[{"embeddable":true,"href":"https:\/\/lovely-message.com\/index.php?rest_route=\/wp\/v2\/users\/1"}],"replies":[{"embeddable":true,"href":"https:\/\/lovely-message.com\/index.php?rest_route=%2Fwp%2Fv2%2Fcomments&post=21"}],"version-history":[{"count":31,"href":"https:\/\/lovely-message.com\/index.php?rest_route=\/wp\/v2\/pages\/21\/revisions"}],"predecessor-version":[{"id":156,"href":"https:\/\/lovely-message.com\/index.php?rest_route=\/wp\/v2\/pages\/21\/revisions\/156"}],"wp:featuredmedia":[{"embeddable":true,"href":"https:\/\/lovely-message.com\/index.php?rest_route=\/wp\/v2\/media\/20"}],"wp:attachment":[{"href":"https:\/\/lovely-message.com\/index.php?rest_route=%2Fwp%2Fv2%2Fmedia&parent=21"}],"curies":[{"name":"wp","href":"https:\/\/api.w.org\/{rel}","templated":true}]}}